{"id":53,"date":"2022-06-08T18:52:28","date_gmt":"2022-06-08T18:52:28","guid":{"rendered":"https:\/\/www.avalonespacio.es\/?page_id=53"},"modified":"2024-05-26T19:34:03","modified_gmt":"2024-05-26T19:34:03","slug":"meditacion","status":"publish","type":"page","link":"https:\/\/www.avalonespacio.es\/index.php\/meditacion\/","title":{"rendered":"Meditaci\u00f3n"},"content":{"rendered":"\t\t<div data-elementor-type=\"wp-page\" data-elementor-id=\"53\" class=\"elementor elementor-53\">\n\t\t\t\t\t\t<section class=\"elementor-section elementor-top-section elementor-element elementor-element-7d9c9085 elementor-section-content-middle elementor-section-boxed elementor-section-height-default elementor-section-height-default wpr-particle-no wpr-jarallax-no wpr-parallax-no wpr-sticky-section-no\" data-id=\"7d9c9085\" data-element_type=\"section\" data-settings=\"{&quot;background_background&quot;:&quot;classic&quot;}\">\n\t\t\t\t\t\t\t<div class=\"elementor-background-overlay\"><\/div>\n\t\t\t\t\t\t\t<div class=\"elementor-container elementor-column-gap-wide\">\n\t\t\t\t\t<div class=\"elementor-column elementor-col-100 elementor-top-column elementor-element elementor-element-6d1f532a elementor-invisible\" data-id=\"6d1f532a\" data-element_type=\"column\" data-settings=\"{&quot;animation&quot;:&quot;fadeIn&quot;,&quot;animation_delay&quot;:100}\">\n\t\t\t<div class=\"elementor-widget-wrap elementor-element-populated\">\n\t\t\t\t\t\t<div class=\"elementor-element elementor-element-0c5a1ef elementor-widget elementor-widget-image\" data-id=\"0c5a1ef\" data-element_type=\"widget\" data-widget_type=\"image.default\">\n\t\t\t\t<div class=\"elementor-widget-container\">\n\t\t\t\t\t\t\t\t\t\t\t\t\t\t\t<img fetchpriority=\"high\" decoding=\"async\" width=\"300\" height=\"300\" src=\"https:\/\/www.avalonespacio.es\/wp-content\/uploads\/2024\/05\/Foto-Tsulma.png\" class=\"attachment-large size-large wp-image-4395\" alt=\"foto tsulma\" srcset=\"https:\/\/www.avalonespacio.es\/wp-content\/uploads\/2024\/05\/Foto-Tsulma.png 300w, https:\/\/www.avalonespacio.es\/wp-content\/uploads\/2024\/05\/Foto-Tsulma-150x150.png 150w\" sizes=\"(max-width: 300px) 100vw, 300px\" \/>\t\t\t\t\t\t\t\t\t\t\t\t\t\t\t<\/div>\n\t\t\t\t<\/div>\n\t\t\t\t\t<\/div>\n\t\t<\/div>\n\t\t\t\t<div class=\"elementor-column elementor-col-100 elementor-top-column elementor-element elementor-element-2b0cf288\" data-id=\"2b0cf288\" data-element_type=\"column\">\n\t\t\t<div class=\"elementor-widget-wrap elementor-element-populated\">\n\t\t\t\t\t\t<div class=\"elementor-element elementor-element-64c5d81a elementor-invisible elementor-widget elementor-widget-heading\" data-id=\"64c5d81a\" data-element_type=\"widget\" data-settings=\"{&quot;_animation&quot;:&quot;fadeIn&quot;,&quot;_animation_delay&quot;:50}\" data-widget_type=\"heading.default\">\n\t\t\t\t<div class=\"elementor-widget-container\">\n\t\t\t\t\t<h2 class=\"elementor-heading-title elementor-size-default\">Maestra   <b style=\"color:white\">Kelsang Tsulma<\/b>\n<\/h2>\t\t\t\t<\/div>\n\t\t\t\t<\/div>\n\t\t\t\t<div class=\"elementor-element elementor-element-3d3c9b9 elementor-invisible elementor-widget elementor-widget-heading\" data-id=\"3d3c9b9\" data-element_type=\"widget\" data-settings=\"{&quot;_animation&quot;:&quot;fadeIn&quot;,&quot;_animation_delay&quot;:100}\" data-widget_type=\"heading.default\">\n\t\t\t\t<div class=\"elementor-widget-container\">\n\t\t\t\t\t<h1 class=\"elementor-heading-title elementor-size-default\">MEDITACIONES PARA LA VIDA DIARIA <\/h1>\t\t\t\t<\/div>\n\t\t\t\t<\/div>\n\t\t\t\t<div class=\"elementor-element elementor-element-764b409a elementor-invisible elementor-widget elementor-widget-heading\" data-id=\"764b409a\" data-element_type=\"widget\" data-settings=\"{&quot;_animation&quot;:&quot;fadeIn&quot;,&quot;_animation_delay&quot;:150}\" data-widget_type=\"heading.default\">\n\t\t\t\t<div class=\"elementor-widget-container\">\n\t\t\t\t\t<h2 class=\"elementor-heading-title elementor-size-default\">Budismo Moderno y Meditaci\u00f3n Kadampa\n<\/h2>\t\t\t\t<\/div>\n\t\t\t\t<\/div>\n\t\t\t\t\t<\/div>\n\t\t<\/div>\n\t\t\t\t\t<\/div>\n\t\t<\/section>\n\t\t\t\t<section class=\"elementor-section elementor-top-section elementor-element elementor-element-4a07c19 elementor-section-content-middle elementor-section-boxed elementor-section-height-default elementor-section-height-default wpr-particle-no wpr-jarallax-no wpr-parallax-no wpr-sticky-section-no\" data-id=\"4a07c19\" data-element_type=\"section\" data-settings=\"{&quot;background_background&quot;:&quot;classic&quot;}\">\n\t\t\t\t\t\t\t<div class=\"elementor-background-overlay\"><\/div>\n\t\t\t\t\t\t\t<div class=\"elementor-container elementor-column-gap-no\">\n\t\t\t\t\t<div class=\"elementor-column elementor-col-100 elementor-top-column elementor-element elementor-element-70ca19de\" data-id=\"70ca19de\" data-element_type=\"column\">\n\t\t\t<div class=\"elementor-widget-wrap elementor-element-populated\">\n\t\t\t\t\t\t<section class=\"elementor-section elementor-inner-section elementor-element elementor-element-7b958b32 elementor-section-boxed elementor-section-height-default elementor-section-height-default wpr-particle-no wpr-jarallax-no wpr-parallax-no wpr-sticky-section-no\" data-id=\"7b958b32\" data-element_type=\"section\">\n\t\t\t\t\t\t<div class=\"elementor-container elementor-column-gap-extended\">\n\t\t\t\t\t<div class=\"elementor-column elementor-col-100 elementor-inner-column elementor-element elementor-element-ccd7d8d\" data-id=\"ccd7d8d\" data-element_type=\"column\" data-settings=\"{&quot;background_background&quot;:&quot;classic&quot;}\">\n\t\t\t<div class=\"elementor-widget-wrap elementor-element-populated\">\n\t\t\t\t\t\t<div class=\"elementor-element elementor-element-c6b87b9 elementor-invisible elementor-widget elementor-widget-heading\" data-id=\"c6b87b9\" data-element_type=\"widget\" data-settings=\"{&quot;_animation&quot;:&quot;fadeIn&quot;,&quot;_animation_delay&quot;:100}\" data-widget_type=\"heading.default\">\n\t\t\t\t<div class=\"elementor-widget-container\">\n\t\t\t\t\t<h1 class=\"elementor-heading-title elementor-size-default\">La meditaci\u00f3n Kadampa, se nutre de la sabidur\u00eda del Dharma, para generar objetos de meditaci\u00f3n como la paz interior y el amor, que nos ayudan a ser m\u00e1s felices y as\u00ed poder ayudar a los dem\u00e1s.  <\/h1>\t\t\t\t<\/div>\n\t\t\t\t<\/div>\n\t\t\t\t<div class=\"elementor-element elementor-element-372f2a71 elementor-widget elementor-widget-text-editor\" data-id=\"372f2a71\" data-element_type=\"widget\" data-widget_type=\"text-editor.default\">\n\t\t\t\t<div class=\"elementor-widget-container\">\n\t\t\t\t\t\t\t\t\t<p><span style=\"color: #e3b949;\"><strong>El prop\u00f3sito de la meditaci\u00f3n es pacificar y calmar la mente.<\/strong><\/span><\/p>\t\t\t\t\t\t\t\t<\/div>\n\t\t\t\t<\/div>\n\t\t\t\t<div class=\"elementor-element elementor-element-55def83 elementor-widget elementor-widget-text-editor\" data-id=\"55def83\" data-element_type=\"widget\" data-widget_type=\"text-editor.default\">\n\t\t\t\t<div class=\"elementor-widget-container\">\n\t\t\t\t\t\t\t\t\t<p>Cuando nuestra mente est\u00e1 serena, dejamos de tener preocupaciones y aflicciones, y por ello disfrutamos de verdadera felicidad; pero si nuestra mente no est\u00e1 tranquila, por muy agradables que sean las condiciones externas que nos rodean, no podremos ser felices.<\/p><p>Por lo general, nos resulta dif\u00edcil controlar nuestra mente. Es inestable y vulnerable a las circunstancias externas, cuando no logramos lo que deseamos o perdemos algo que nos gusta, nos desanimamos o nos sentimos molestos.<\/p><p>Sufrimos estos cambios en nuestro estado de \u00e1nimo porque nos involucramos demasiado en las situaciones externas. Somos como ni\u00f1os que se emocionan al construir un castillo de arena en la playa, pero se ponen a llorar cuando las olas lo destruyen.<\/p><p>Si practicamos la meditaci\u00f3n con regularidad crearemos un espacio interior y una claridad mental que nos permitir\u00e1n controlar nuestra mente sean cuales sean las circunstancias externas.<\/p><p>Si practicamos la meditaci\u00f3n con regularidad, finalmente lograremos eliminar las perturbaciones mentales, la causa de todos nuestros problemas y sufrimiento.<\/p>\t\t\t\t\t\t\t\t<\/div>\n\t\t\t\t<\/div>\n\t\t\t\t<div class=\"elementor-element elementor-element-9b61e79 elementor-widget-divider--view-line elementor-widget elementor-widget-divider\" data-id=\"9b61e79\" data-element_type=\"widget\" data-widget_type=\"divider.default\">\n\t\t\t\t<div class=\"elementor-widget-container\">\n\t\t\t\t\t\t\t<div class=\"elementor-divider\">\n\t\t\t<span class=\"elementor-divider-separator\">\n\t\t\t\t\t\t<\/span>\n\t\t<\/div>\n\t\t\t\t\t\t<\/div>\n\t\t\t\t<\/div>\n\t\t\t\t<div class=\"elementor-element elementor-element-789fdfa elementor-widget elementor-widget-text-editor\" data-id=\"789fdfa\" data-element_type=\"widget\" data-widget_type=\"text-editor.default\">\n\t\t\t\t<div class=\"elementor-widget-container\">\n\t\t\t\t\t\t\t\t\t<p><b>Jueves&nbsp; <\/b><span style=\"font-weight: 400;\">De 19:00 a 20:00h<\/span><\/p>\t\t\t\t\t\t\t\t<\/div>\n\t\t\t\t<\/div>\n\t\t\t\t\t<\/div>\n\t\t<\/div>\n\t\t\t\t\t<\/div>\n\t\t<\/section>\n\t\t\t\t\t<\/div>\n\t\t<\/div>\n\t\t\t\t\t<\/div>\n\t\t<\/section>\n\t\t\t\t<\/div>\n\t\t","protected":false},"excerpt":{"rendered":"<p>Maestra Kelsang Tsulma MEDITACIONES PARA LA VIDA DIARIA Budismo Moderno y Meditaci\u00f3n Kadampa La meditaci\u00f3n Kadampa, se nutre de la sabidur\u00eda del Dharma, para generar objetos de meditaci\u00f3n como la paz interior y el amor, que nos ayudan a ser m\u00e1s felices y as\u00ed poder ayudar a los dem\u00e1s. El prop\u00f3sito de la meditaci\u00f3n es pacificar y calmar la mente. Cuando nuestra mente est\u00e1 serena, dejamos de tener preocupaciones y aflicciones, y por ello disfrutamos de verdadera felicidad; pero si nuestra mente no est\u00e1 tranquila, por muy agradables que sean las condiciones externas que nos rodean, no podremos ser felices. Por lo general, nos resulta dif\u00edcil controlar nuestra mente. Es inestable y vulnerable a las circunstancias externas, cuando no logramos lo que deseamos o perdemos algo que nos gusta, nos desanimamos o nos sentimos molestos. Sufrimos estos cambios en nuestro estado de \u00e1nimo porque nos involucramos demasiado en las situaciones externas. Somos como ni\u00f1os que se emocionan al construir un castillo de arena en la playa, pero se ponen a llorar cuando las olas lo destruyen. Si practicamos la meditaci\u00f3n con regularidad crearemos un espacio interior y una claridad mental que nos permitir\u00e1n controlar nuestra mente sean cuales sean las circunstancias externas. Si practicamos la meditaci\u00f3n con regularidad, finalmente lograremos eliminar las perturbaciones mentales, la causa de todos nuestros problemas y sufrimiento. Jueves&nbsp; De 19:00 a 20:00h<\/p>\n","protected":false},"author":1,"featured_media":0,"parent":0,"menu_order":0,"comment_status":"closed","ping_status":"closed","template":"","meta":{"site-sidebar-layout":"no-sidebar","site-content-layout":"page-builder","ast-site-content-layout":"","site-content-style":"default","site-sidebar-style":"default","ast-global-header-display":"","ast-banner-title-visibility":"","ast-main-header-display":"","ast-hfb-above-header-display":"","ast-hfb-below-header-display":"","ast-hfb-mobile-header-display":"","site-post-title":"disabled","ast-breadcrumbs-content":"","ast-featured-img":"disabled","footer-sml-layout":"","theme-transparent-header-meta":"","adv-header-id-meta":"","stick-header-meta":"","header-above-stick-meta":"","header-main-stick-meta":"","header-below-stick-meta":"","astra-migrate-meta-layouts":"default","ast-page-background-enabled":"default","ast-page-background-meta":{"desktop":{"background-color":"var(--ast-global-color-4)","background-image":"","background-repeat":"repeat","background-position":"center center","background-size":"auto","background-attachment":"scroll","background-type":"","background-media":"","overlay-type":"","overlay-color":"","overlay-gradient":""},"tablet":{"background-color":"","background-image":"","background-repeat":"repeat","background-position":"center center","background-size":"auto","background-attachment":"scroll","background-type":"","background-media":"","overlay-type":"","overlay-color":"","overlay-gradient":""},"mobile":{"background-color":"","background-image":"","background-repeat":"repeat","background-position":"center center","background-size":"auto","background-attachment":"scroll","background-type":"","background-media":"","overlay-type":"","overlay-color":"","overlay-gradient":""}},"ast-content-background-meta":{"desktop":{"background-color":"var(--ast-global-color-5)","background-image":"","background-repeat":"repeat","background-position":"center center","background-size":"auto","background-attachment":"scroll","background-type":"","background-media":"","overlay-type":"","overlay-color":"","overlay-gradient":""},"tablet":{"background-color":"var(--ast-global-color-5)","background-image":"","background-repeat":"repeat","background-position":"center center","background-size":"auto","background-attachment":"scroll","background-type":"","background-media":"","overlay-type":"","overlay-color":"","overlay-gradient":""},"mobile":{"background-color":"var(--ast-global-color-5)","background-image":"","background-repeat":"repeat","background-position":"center center","background-size":"auto","background-attachment":"scroll","background-type":"","background-media":"","overlay-type":"","overlay-color":"","overlay-gradient":""}},"footnotes":""},"class_list":["post-53","page","type-page","status-publish","hentry"],"yoast_head":"<!-- This site is optimized with the Yoast SEO plugin v26.0 - https:\/\/yoast.com\/wordpress\/plugins\/seo\/ -->\n<title>Meditaci\u00f3n -<\/title>\n<meta name=\"robots\" content=\"index, follow, max-snippet:-1, max-image-preview:large, max-video-preview:-1\" \/>\n<link rel=\"canonical\" href=\"https:\/\/www.avalonespacio.es\/index.php\/meditacion\/\" \/>\n<meta property=\"og:locale\" content=\"es_ES\" \/>\n<meta property=\"og:type\" content=\"article\" \/>\n<meta property=\"og:title\" content=\"Meditaci\u00f3n -\" \/>\n<meta property=\"og:description\" content=\"Maestra Kelsang Tsulma MEDITACIONES PARA LA VIDA DIARIA Budismo Moderno y Meditaci\u00f3n Kadampa La meditaci\u00f3n Kadampa, se nutre de la sabidur\u00eda del Dharma, para generar objetos de meditaci\u00f3n como la paz interior y el amor, que nos ayudan a ser m\u00e1s felices y as\u00ed poder ayudar a los dem\u00e1s. El prop\u00f3sito de la meditaci\u00f3n es pacificar y calmar la mente. Cuando nuestra mente est\u00e1 serena, dejamos de tener preocupaciones y aflicciones, y por ello disfrutamos de verdadera felicidad; pero si nuestra mente no est\u00e1 tranquila, por muy agradables que sean las condiciones externas que nos rodean, no podremos ser felices. Por lo general, nos resulta dif\u00edcil controlar nuestra mente. Es inestable y vulnerable a las circunstancias externas, cuando no logramos lo que deseamos o perdemos algo que nos gusta, nos desanimamos o nos sentimos molestos. Sufrimos estos cambios en nuestro estado de \u00e1nimo porque nos involucramos demasiado en las situaciones externas. Somos como ni\u00f1os que se emocionan al construir un castillo de arena en la playa, pero se ponen a llorar cuando las olas lo destruyen. Si practicamos la meditaci\u00f3n con regularidad crearemos un espacio interior y una claridad mental que nos permitir\u00e1n controlar nuestra mente sean cuales sean las circunstancias externas. Si practicamos la meditaci\u00f3n con regularidad, finalmente lograremos eliminar las perturbaciones mentales, la causa de todos nuestros problemas y sufrimiento. Jueves&nbsp; De 19:00 a 20:00h\" \/>\n<meta property=\"og:url\" content=\"https:\/\/www.avalonespacio.es\/index.php\/meditacion\/\" \/>\n<meta property=\"article:modified_time\" content=\"2024-05-26T19:34:03+00:00\" \/>\n<meta property=\"og:image\" content=\"https:\/\/www.avalonespacio.es\/wp-content\/uploads\/2024\/05\/Foto-Tsulma.png\" \/>\n<meta name=\"twitter:card\" content=\"summary_large_image\" \/>\n<meta name=\"twitter:label1\" content=\"Tiempo de lectura\" \/>\n\t<meta name=\"twitter:data1\" content=\"2 minutos\" \/>\n<script type=\"application\/ld+json\" class=\"yoast-schema-graph\">{\"@context\":\"https:\/\/schema.org\",\"@graph\":[{\"@type\":\"WebPage\",\"@id\":\"https:\/\/www.avalonespacio.es\/index.php\/meditacion\/\",\"url\":\"https:\/\/www.avalonespacio.es\/index.php\/meditacion\/\",\"name\":\"Meditaci\u00f3n -\",\"isPartOf\":{\"@id\":\"https:\/\/www.avalonespacio.es\/#website\"},\"primaryImageOfPage\":{\"@id\":\"https:\/\/www.avalonespacio.es\/index.php\/meditacion\/#primaryimage\"},\"image\":{\"@id\":\"https:\/\/www.avalonespacio.es\/index.php\/meditacion\/#primaryimage\"},\"thumbnailUrl\":\"https:\/\/www.avalonespacio.es\/wp-content\/uploads\/2024\/05\/Foto-Tsulma.png\",\"datePublished\":\"2022-06-08T18:52:28+00:00\",\"dateModified\":\"2024-05-26T19:34:03+00:00\",\"breadcrumb\":{\"@id\":\"https:\/\/www.avalonespacio.es\/index.php\/meditacion\/#breadcrumb\"},\"inLanguage\":\"es\",\"potentialAction\":[{\"@type\":\"ReadAction\",\"target\":[\"https:\/\/www.avalonespacio.es\/index.php\/meditacion\/\"]}]},{\"@type\":\"ImageObject\",\"inLanguage\":\"es\",\"@id\":\"https:\/\/www.avalonespacio.es\/index.php\/meditacion\/#primaryimage\",\"url\":\"https:\/\/www.avalonespacio.es\/wp-content\/uploads\/2024\/05\/Foto-Tsulma.png\",\"contentUrl\":\"https:\/\/www.avalonespacio.es\/wp-content\/uploads\/2024\/05\/Foto-Tsulma.png\",\"width\":300,\"height\":300,\"caption\":\"foto tsulma\"},{\"@type\":\"BreadcrumbList\",\"@id\":\"https:\/\/www.avalonespacio.es\/index.php\/meditacion\/#breadcrumb\",\"itemListElement\":[{\"@type\":\"ListItem\",\"position\":1,\"name\":\"Portada\",\"item\":\"https:\/\/www.avalonespacio.es\/\"},{\"@type\":\"ListItem\",\"position\":2,\"name\":\"Meditaci\u00f3n\"}]},{\"@type\":\"WebSite\",\"@id\":\"https:\/\/www.avalonespacio.es\/#website\",\"url\":\"https:\/\/www.avalonespacio.es\/\",\"name\":\"\",\"description\":\"Espacio de encuentro hol&iacute;stico y multidisciplinar\",\"potentialAction\":[{\"@type\":\"SearchAction\",\"target\":{\"@type\":\"EntryPoint\",\"urlTemplate\":\"https:\/\/www.avalonespacio.es\/?s={search_term_string}\"},\"query-input\":{\"@type\":\"PropertyValueSpecification\",\"valueRequired\":true,\"valueName\":\"search_term_string\"}}],\"inLanguage\":\"es\"}]}<\/script>\n<!-- \/ Yoast SEO plugin. -->","yoast_head_json":{"title":"Meditaci\u00f3n -","robots":{"index":"index","follow":"follow","max-snippet":"max-snippet:-1","max-image-preview":"max-image-preview:large","max-video-preview":"max-video-preview:-1"},"canonical":"https:\/\/www.avalonespacio.es\/index.php\/meditacion\/","og_locale":"es_ES","og_type":"article","og_title":"Meditaci\u00f3n -","og_description":"Maestra Kelsang Tsulma MEDITACIONES PARA LA VIDA DIARIA Budismo Moderno y Meditaci\u00f3n Kadampa La meditaci\u00f3n Kadampa, se nutre de la sabidur\u00eda del Dharma, para generar objetos de meditaci\u00f3n como la paz interior y el amor, que nos ayudan a ser m\u00e1s felices y as\u00ed poder ayudar a los dem\u00e1s. El prop\u00f3sito de la meditaci\u00f3n es pacificar y calmar la mente. Cuando nuestra mente est\u00e1 serena, dejamos de tener preocupaciones y aflicciones, y por ello disfrutamos de verdadera felicidad; pero si nuestra mente no est\u00e1 tranquila, por muy agradables que sean las condiciones externas que nos rodean, no podremos ser felices. Por lo general, nos resulta dif\u00edcil controlar nuestra mente. Es inestable y vulnerable a las circunstancias externas, cuando no logramos lo que deseamos o perdemos algo que nos gusta, nos desanimamos o nos sentimos molestos. Sufrimos estos cambios en nuestro estado de \u00e1nimo porque nos involucramos demasiado en las situaciones externas. Somos como ni\u00f1os que se emocionan al construir un castillo de arena en la playa, pero se ponen a llorar cuando las olas lo destruyen. Si practicamos la meditaci\u00f3n con regularidad crearemos un espacio interior y una claridad mental que nos permitir\u00e1n controlar nuestra mente sean cuales sean las circunstancias externas. Si practicamos la meditaci\u00f3n con regularidad, finalmente lograremos eliminar las perturbaciones mentales, la causa de todos nuestros problemas y sufrimiento. Jueves&nbsp; De 19:00 a 20:00h","og_url":"https:\/\/www.avalonespacio.es\/index.php\/meditacion\/","article_modified_time":"2024-05-26T19:34:03+00:00","og_image":[{"url":"https:\/\/www.avalonespacio.es\/wp-content\/uploads\/2024\/05\/Foto-Tsulma.png","type":"","width":"","height":""}],"twitter_card":"summary_large_image","twitter_misc":{"Tiempo de lectura":"2 minutos"},"schema":{"@context":"https:\/\/schema.org","@graph":[{"@type":"WebPage","@id":"https:\/\/www.avalonespacio.es\/index.php\/meditacion\/","url":"https:\/\/www.avalonespacio.es\/index.php\/meditacion\/","name":"Meditaci\u00f3n -","isPartOf":{"@id":"https:\/\/www.avalonespacio.es\/#website"},"primaryImageOfPage":{"@id":"https:\/\/www.avalonespacio.es\/index.php\/meditacion\/#primaryimage"},"image":{"@id":"https:\/\/www.avalonespacio.es\/index.php\/meditacion\/#primaryimage"},"thumbnailUrl":"https:\/\/www.avalonespacio.es\/wp-content\/uploads\/2024\/05\/Foto-Tsulma.png","datePublished":"2022-06-08T18:52:28+00:00","dateModified":"2024-05-26T19:34:03+00:00","breadcrumb":{"@id":"https:\/\/www.avalonespacio.es\/index.php\/meditacion\/#breadcrumb"},"inLanguage":"es","potentialAction":[{"@type":"ReadAction","target":["https:\/\/www.avalonespacio.es\/index.php\/meditacion\/"]}]},{"@type":"ImageObject","inLanguage":"es","@id":"https:\/\/www.avalonespacio.es\/index.php\/meditacion\/#primaryimage","url":"https:\/\/www.avalonespacio.es\/wp-content\/uploads\/2024\/05\/Foto-Tsulma.png","contentUrl":"https:\/\/www.avalonespacio.es\/wp-content\/uploads\/2024\/05\/Foto-Tsulma.png","width":300,"height":300,"caption":"foto tsulma"},{"@type":"BreadcrumbList","@id":"https:\/\/www.avalonespacio.es\/index.php\/meditacion\/#breadcrumb","itemListElement":[{"@type":"ListItem","position":1,"name":"Portada","item":"https:\/\/www.avalonespacio.es\/"},{"@type":"ListItem","position":2,"name":"Meditaci\u00f3n"}]},{"@type":"WebSite","@id":"https:\/\/www.avalonespacio.es\/#website","url":"https:\/\/www.avalonespacio.es\/","name":"","description":"Espacio de encuentro hol&iacute;stico y multidisciplinar","potentialAction":[{"@type":"SearchAction","target":{"@type":"EntryPoint","urlTemplate":"https:\/\/www.avalonespacio.es\/?s={search_term_string}"},"query-input":{"@type":"PropertyValueSpecification","valueRequired":true,"valueName":"search_term_string"}}],"inLanguage":"es"}]}},"_links":{"self":[{"href":"https:\/\/www.avalonespacio.es\/index.php\/wp-json\/wp\/v2\/pages\/53","targetHints":{"allow":["GET"]}}],"collection":[{"href":"https:\/\/www.avalonespacio.es\/index.php\/wp-json\/wp\/v2\/pages"}],"about":[{"href":"https:\/\/www.avalonespacio.es\/index.php\/wp-json\/wp\/v2\/types\/page"}],"author":[{"embeddable":true,"href":"https:\/\/www.avalonespacio.es\/index.php\/wp-json\/wp\/v2\/users\/1"}],"replies":[{"embeddable":true,"href":"https:\/\/www.avalonespacio.es\/index.php\/wp-json\/wp\/v2\/comments?post=53"}],"version-history":[{"count":36,"href":"https:\/\/www.avalonespacio.es\/index.php\/wp-json\/wp\/v2\/pages\/53\/revisions"}],"predecessor-version":[{"id":4452,"href":"https:\/\/www.avalonespacio.es\/index.php\/wp-json\/wp\/v2\/pages\/53\/revisions\/4452"}],"wp:attachment":[{"href":"https:\/\/www.avalonespacio.es\/index.php\/wp-json\/wp\/v2\/media?parent=53"}],"curies":[{"name":"wp","href":"https:\/\/api.w.org\/{rel}","templated":true}]}}