{"id":45,"date":"2022-06-04T15:57:22","date_gmt":"2022-06-04T15:57:22","guid":{"rendered":"https:\/\/www.avalonespacio.es\/?page_id=45"},"modified":"2025-10-03T21:53:27","modified_gmt":"2025-10-03T21:53:27","slug":"actividades-clases-y-talleres-avalon","status":"publish","type":"page","link":"https:\/\/www.avalonespacio.es\/index.php\/actividades-clases-y-talleres-avalon\/","title":{"rendered":"Actividades"},"content":{"rendered":"\t\t<div data-elementor-type=\"wp-page\" data-elementor-id=\"45\" class=\"elementor elementor-45\">\n\t\t\t\t\t\t<section class=\"elementor-section elementor-top-section elementor-element elementor-element-602da8e60 elementor-section-boxed elementor-section-height-default elementor-section-height-default wpr-particle-no wpr-jarallax-no wpr-parallax-no wpr-sticky-section-no\" data-id=\"602da8e60\" data-element_type=\"section\" data-settings=\"{&quot;background_background&quot;:&quot;classic&quot;}\">\n\t\t\t\t\t\t<div class=\"elementor-container elementor-column-gap-default\">\n\t\t\t\t\t<div class=\"elementor-column elementor-col-100 elementor-top-column elementor-element elementor-element-7e0c102c\" data-id=\"7e0c102c\" data-element_type=\"column\">\n\t\t\t<div class=\"elementor-widget-wrap elementor-element-populated\">\n\t\t\t\t\t\t<section class=\"elementor-section elementor-inner-section elementor-element elementor-element-1955e178 elementor-section-boxed elementor-section-height-default elementor-section-height-default wpr-particle-no wpr-jarallax-no wpr-parallax-no wpr-sticky-section-no\" data-id=\"1955e178\" data-element_type=\"section\">\n\t\t\t\t\t\t<div class=\"elementor-container elementor-column-gap-default\">\n\t\t\t\t\t<div class=\"elementor-column elementor-col-50 elementor-inner-column elementor-element elementor-element-764d038\" data-id=\"764d038\" data-element_type=\"column\">\n\t\t\t<div class=\"elementor-widget-wrap elementor-element-populated\">\n\t\t\t\t\t\t<div class=\"elementor-element elementor-element-1512b3 wpr-pricing-table-animation-none wpr-pricing-table-heading-center elementor-widget elementor-widget-wpr-pricing-table\" data-id=\"1512b3\" data-element_type=\"widget\" data-widget_type=\"wpr-pricing-table.default\">\n\t\t\t\t<div class=\"elementor-widget-container\">\n\t\t\t\t\t\n\t<div class=\"wpr-pricing-table\">\n\t\t\n\t\t\t<div class=\"elementor-repeater-item-25c5869 wpr-pricing-table-item wpr-pricing-table-heading wpr-pricing-table-item-first\">\t\t\n\t\t\t\n\t\t\t\n\t\t\t\t<div class=\"wpr-pricing-table-headding-inner\">\n\t\t\t\n\t\t\t\t\t\t\t\t\t\t\t<div class=\"wpr-pricing-table-icon\">\n\t\t\t\t\t\t\t<img decoding=\"async\" src=\"https:\/\/www.avalonespacio.es\/wp-content\/uploads\/2022\/09\/Yoga-Avalon-scaled.jpg\">\n\t\t\t\t\t\t<\/div>\n\t\t\t\t\t\n\t\t\t\t\t\t\t\t\t\t\t<div class=\"wpr-pricing-table-title-wrap\">\n\t\t\t\t\t\t\t\t\n\t\t\t\t\t\t\t\t<h3 class=\"wpr-pricing-table-title\">Clases<\/h3>\n\t\t\t\t\t\t\t\n\t\t\t\t\t\t\t\t\t\t\t\t\t<\/div>\n\t\t\t\t\t\t\t\t\t<\/div>\t\t\n\t\t\n\t\t\t\n\t\t\t<\/div>\n\t\t\t\n\t\t\t<div class=\"elementor-repeater-item-24a61aa wpr-pricing-table-item wpr-pricing-table-button wpr-pricing-table-item-last\">\t\t\n\t\t\t\n\t\t\t\n\t\t\t\t<a class=\"wpr-pricing-table-btn wpr-button-effect wpr-button-none\" href=\"https:\/\/www.avalonespacio.es\/index.php\/clases\/\">\n\t\t\t\t\t<span>\n\n\t\t\t\t\t\t\n\t\t\t\t\t\tAcceder\n\t\t\t\t\t\t\t\t\t\t<\/a>\n\t\t\t\t\n\t\t\t\n\t\t\t<\/div>\n\t\t\t\t<\/div>\n\n\t\t\t\t\t<\/div>\n\t\t\t\t<\/div>\n\t\t\t\t\t<\/div>\n\t\t<\/div>\n\t\t\t\t<div class=\"elementor-column elementor-col-50 elementor-inner-column elementor-element elementor-element-12dbb3e4\" data-id=\"12dbb3e4\" data-element_type=\"column\">\n\t\t\t<div class=\"elementor-widget-wrap elementor-element-populated\">\n\t\t\t\t\t\t<div class=\"elementor-element elementor-element-60412667 wpr-pricing-table-animation-none wpr-pricing-table-heading-center elementor-widget elementor-widget-wpr-pricing-table\" data-id=\"60412667\" data-element_type=\"widget\" data-widget_type=\"wpr-pricing-table.default\">\n\t\t\t\t<div class=\"elementor-widget-container\">\n\t\t\t\t\t\n\t<div class=\"wpr-pricing-table\">\n\t\t\n\t\t\t<div class=\"elementor-repeater-item-25c5869 wpr-pricing-table-item wpr-pricing-table-heading wpr-pricing-table-item-first\">\t\t\n\t\t\t\n\t\t\t\n\t\t\t\t<div class=\"wpr-pricing-table-headding-inner\">\n\t\t\t\n\t\t\t\t\t\t\t\t\t\t\t<div class=\"wpr-pricing-table-icon\">\n\t\t\t\t\t\t\t<img decoding=\"async\" src=\"https:\/\/www.avalonespacio.es\/wp-content\/uploads\/2023\/05\/ninos-jugando-avalon.jpg\">\n\t\t\t\t\t\t<\/div>\n\t\t\t\t\t\n\t\t\t\t\t\t\t\t\t\t\t<div class=\"wpr-pricing-table-title-wrap\">\n\t\t\t\t\t\t\t\t\n\t\t\t\t\t\t\t\t<h3 class=\"wpr-pricing-table-title\">Talleres<\/h3>\n\t\t\t\t\t\t\t\n\t\t\t\t\t\t\t\t\t\t\t\t\t<\/div>\n\t\t\t\t\t\t\t\t\t<\/div>\t\t\n\t\t\n\t\t\t\n\t\t\t<\/div>\n\t\t\t\n\t\t\t<div class=\"elementor-repeater-item-b081450 wpr-pricing-table-item wpr-pricing-table-button wpr-pricing-table-item-last\">\t\t\n\t\t\t\n\t\t\t\n\t\t\t\t<a class=\"wpr-pricing-table-btn wpr-button-effect wpr-button-none\" href=\"https:\/\/www.avalonespacio.es\/index.php\/talleres\/\">\n\t\t\t\t\t<span>\n\n\t\t\t\t\t\t\n\t\t\t\t\t\tAcceder\n\t\t\t\t\t\t\t\t\t\t<\/a>\n\t\t\t\t\n\t\t\t\n\t\t\t<\/div>\n\t\t\t\t<\/div>\n\n\t\t\t\t\t<\/div>\n\t\t\t\t<\/div>\n\t\t\t\t\t<\/div>\n\t\t<\/div>\n\t\t\t\t\t<\/div>\n\t\t<\/section>\n\t\t\t\t\t<\/div>\n\t\t<\/div>\n\t\t\t\t\t<\/div>\n\t\t<\/section>\n\t\t\t\t<section class=\"elementor-section elementor-top-section elementor-element elementor-element-e62aa35 elementor-section-boxed elementor-section-height-default elementor-section-height-default wpr-particle-no wpr-jarallax-no wpr-parallax-no wpr-sticky-section-no\" data-id=\"e62aa35\" data-element_type=\"section\">\n\t\t\t\t\t\t<div class=\"elementor-container elementor-column-gap-default\">\n\t\t\t\t\t<div class=\"elementor-column elementor-col-100 elementor-top-column elementor-element elementor-element-b515112\" data-id=\"b515112\" data-element_type=\"column\">\n\t\t\t<div class=\"elementor-widget-wrap elementor-element-populated\">\n\t\t\t\t\t\t<div class=\"elementor-element elementor-element-3788672 elementor-widget elementor-widget-spacer\" data-id=\"3788672\" data-element_type=\"widget\" data-widget_type=\"spacer.default\">\n\t\t\t\t<div class=\"elementor-widget-container\">\n\t\t\t\t\t\t\t<div class=\"elementor-spacer\">\n\t\t\t<div class=\"elementor-spacer-inner\"><\/div>\n\t\t<\/div>\n\t\t\t\t\t\t<\/div>\n\t\t\t\t<\/div>\n\t\t\t\t\t<\/div>\n\t\t<\/div>\n\t\t\t\t\t<\/div>\n\t\t<\/section>\n\t\t\t\t<section class=\"elementor-section elementor-top-section elementor-element elementor-element-45ef1fc elementor-section-boxed elementor-section-height-default elementor-section-height-default wpr-particle-no wpr-jarallax-no wpr-parallax-no wpr-sticky-section-no\" data-id=\"45ef1fc\" data-element_type=\"section\">\n\t\t\t\t\t\t<div class=\"elementor-container elementor-column-gap-default\">\n\t\t\t\t\t<div class=\"elementor-column elementor-col-100 elementor-top-column elementor-element elementor-element-6cd6f59\" data-id=\"6cd6f59\" data-element_type=\"column\">\n\t\t\t<div class=\"elementor-widget-wrap elementor-element-populated\">\n\t\t\t\t\t\t<div class=\"elementor-element elementor-element-d3308aa elementor-align-center elementor-widget elementor-widget-button\" data-id=\"d3308aa\" data-element_type=\"widget\" data-widget_type=\"button.default\">\n\t\t\t\t<div class=\"elementor-widget-container\">\n\t\t\t\t\t\t\t\t\t<div class=\"elementor-button-wrapper\">\n\t\t\t\t\t<a class=\"elementor-button elementor-button-link elementor-size-sm\" href=\"https:\/\/www.avalonespacio.es\/\">\n\t\t\t\t\t\t<span class=\"elementor-button-content-wrapper\">\n\t\t\t\t\t\t\t\t\t<span class=\"elementor-button-text\">Volver al Inicio<\/span>\n\t\t\t\t\t<\/span>\n\t\t\t\t\t<\/a>\n\t\t\t\t<\/div>\n\t\t\t\t\t\t\t\t<\/div>\n\t\t\t\t<\/div>\n\t\t\t\t\t<\/div>\n\t\t<\/div>\n\t\t\t\t\t<\/div>\n\t\t<\/section>\n\t\t\t\t<\/div>\n\t\t","protected":false},"excerpt":{"rendered":"<p>Clases Acceder Talleres Acceder Volver al Inicio<\/p>\n","protected":false},"author":1,"featured_media":0,"parent":0,"menu_order":0,"comment_status":"closed","ping_status":"closed","template":"","meta":{"site-sidebar-layout":"no-sidebar","site-content-layout":"page-builder","ast-site-content-layout":"","site-content-style":"default","site-sidebar-style":"default","ast-global-header-display":"","ast-banner-title-visibility":"","ast-main-header-display":"","ast-hfb-above-header-display":"","ast-hfb-below-header-display":"","ast-hfb-mobile-header-display":"","site-post-title":"disabled","ast-breadcrumbs-content":"","ast-featured-img":"","footer-sml-layout":"","theme-transparent-header-meta":"","adv-header-id-meta":"","stick-header-meta":"","header-above-stick-meta":"","header-main-stick-meta":"","header-below-stick-meta":"","astra-migrate-meta-layouts":"default","ast-page-background-enabled":"default","ast-page-background-meta":{"desktop":{"background-color":"var(--ast-global-color-4)","background-image":"","background-repeat":"repeat","background-position":"center center","background-size":"auto","background-attachment":"scroll","background-type":"","background-media":"","overlay-type":"","overlay-color":"","overlay-gradient":""},"tablet":{"background-color":"","background-image":"","background-repeat":"repeat","background-position":"center center","background-size":"auto","background-attachment":"scroll","background-type":"","background-media":"","overlay-type":"","overlay-color":"","overlay-gradient":""},"mobile":{"background-color":"","background-image":"","background-repeat":"repeat","background-position":"center center","background-size":"auto","background-attachment":"scroll","background-type":"","background-media":"","overlay-type":"","overlay-color":"","overlay-gradient":""}},"ast-content-background-meta":{"desktop":{"background-color":"var(--ast-global-color-5)","background-image":"","background-repeat":"repeat","background-position":"center center","background-size":"auto","background-attachment":"scroll","background-type":"","background-media":"","overlay-type":"","overlay-color":"","overlay-gradient":""},"tablet":{"background-color":"var(--ast-global-color-5)","background-image":"","background-repeat":"repeat","background-position":"center center","background-size":"auto","background-attachment":"scroll","background-type":"","background-media":"","overlay-type":"","overlay-color":"","overlay-gradient":""},"mobile":{"background-color":"var(--ast-global-color-5)","background-image":"","background-repeat":"repeat","background-position":"center center","background-size":"auto","background-attachment":"scroll","background-type":"","background-media":"","overlay-type":"","overlay-color":"","overlay-gradient":""}},"footnotes":""},"class_list":["post-45","page","type-page","status-publish","hentry"],"yoast_head":"<!-- This site is optimized with the Yoast SEO plugin v26.0 - https:\/\/yoast.com\/wordpress\/plugins\/seo\/ -->\n<title>Actividades - Centro \u00c1valon clases y talleres<\/title>\n<meta name=\"description\" content=\"Centro \u00c1valon clases de yoga conciencia corporal y meditaci\u00f3n. Talleres de Relajaci\u00f3n con instrumentos ind\u00edgenas...\" \/>\n<meta name=\"robots\" content=\"index, follow, max-snippet:-1, max-image-preview:large, max-video-preview:-1\" \/>\n<link rel=\"canonical\" href=\"https:\/\/www.avalonespacio.es\/index.php\/actividades-clases-y-talleres-avalon\/\" \/>\n<meta property=\"og:locale\" content=\"es_ES\" \/>\n<meta property=\"og:type\" content=\"article\" \/>\n<meta property=\"og:title\" content=\"Actividades - Centro \u00c1valon clases y talleres\" \/>\n<meta property=\"og:description\" content=\"Centro \u00c1valon clases de yoga conciencia corporal y meditaci\u00f3n. Talleres de Relajaci\u00f3n con instrumentos ind\u00edgenas...\" \/>\n<meta property=\"og:url\" content=\"https:\/\/www.avalonespacio.es\/index.php\/actividades-clases-y-talleres-avalon\/\" \/>\n<meta property=\"article:modified_time\" content=\"2025-10-03T21:53:27+00:00\" \/>\n<meta property=\"og:image\" content=\"https:\/\/www.avalonespacio.es\/wp-content\/uploads\/2022\/09\/Yoga-Avalon-scaled.jpg\" \/>\n<meta name=\"twitter:card\" content=\"summary_large_image\" \/>\n<meta name=\"twitter:label1\" content=\"Tiempo de lectura\" \/>\n\t<meta name=\"twitter:data1\" content=\"1 minuto\" \/>\n<script type=\"application\/ld+json\" class=\"yoast-schema-graph\">{\"@context\":\"https:\/\/schema.org\",\"@graph\":[{\"@type\":\"WebPage\",\"@id\":\"https:\/\/www.avalonespacio.es\/index.php\/actividades-clases-y-talleres-avalon\/\",\"url\":\"https:\/\/www.avalonespacio.es\/index.php\/actividades-clases-y-talleres-avalon\/\",\"name\":\"Actividades - Centro \u00c1valon clases y talleres\",\"isPartOf\":{\"@id\":\"https:\/\/www.avalonespacio.es\/#website\"},\"primaryImageOfPage\":{\"@id\":\"https:\/\/www.avalonespacio.es\/index.php\/actividades-clases-y-talleres-avalon\/#primaryimage\"},\"image\":{\"@id\":\"https:\/\/www.avalonespacio.es\/index.php\/actividades-clases-y-talleres-avalon\/#primaryimage\"},\"thumbnailUrl\":\"https:\/\/www.avalonespacio.es\/wp-content\/uploads\/2022\/09\/Yoga-Avalon-scaled.jpg\",\"datePublished\":\"2022-06-04T15:57:22+00:00\",\"dateModified\":\"2025-10-03T21:53:27+00:00\",\"description\":\"Centro \u00c1valon clases de yoga conciencia corporal y meditaci\u00f3n. Talleres de Relajaci\u00f3n con instrumentos ind\u00edgenas...\",\"breadcrumb\":{\"@id\":\"https:\/\/www.avalonespacio.es\/index.php\/actividades-clases-y-talleres-avalon\/#breadcrumb\"},\"inLanguage\":\"es\",\"potentialAction\":[{\"@type\":\"ReadAction\",\"target\":[\"https:\/\/www.avalonespacio.es\/index.php\/actividades-clases-y-talleres-avalon\/\"]}]},{\"@type\":\"ImageObject\",\"inLanguage\":\"es\",\"@id\":\"https:\/\/www.avalonespacio.es\/index.php\/actividades-clases-y-talleres-avalon\/#primaryimage\",\"url\":\"https:\/\/www.avalonespacio.es\/wp-content\/uploads\/2022\/09\/Yoga-Avalon-scaled.jpg\",\"contentUrl\":\"https:\/\/www.avalonespacio.es\/wp-content\/uploads\/2022\/09\/Yoga-Avalon-scaled.jpg\",\"width\":2560,\"height\":1614,\"caption\":\"Yoga Avalon\"},{\"@type\":\"BreadcrumbList\",\"@id\":\"https:\/\/www.avalonespacio.es\/index.php\/actividades-clases-y-talleres-avalon\/#breadcrumb\",\"itemListElement\":[{\"@type\":\"ListItem\",\"position\":1,\"name\":\"Portada\",\"item\":\"https:\/\/www.avalonespacio.es\/\"},{\"@type\":\"ListItem\",\"position\":2,\"name\":\"Actividades\"}]},{\"@type\":\"WebSite\",\"@id\":\"https:\/\/www.avalonespacio.es\/#website\",\"url\":\"https:\/\/www.avalonespacio.es\/\",\"name\":\"\",\"description\":\"Espacio de encuentro hol&iacute;stico y multidisciplinar\",\"potentialAction\":[{\"@type\":\"SearchAction\",\"target\":{\"@type\":\"EntryPoint\",\"urlTemplate\":\"https:\/\/www.avalonespacio.es\/?s={search_term_string}\"},\"query-input\":{\"@type\":\"PropertyValueSpecification\",\"valueRequired\":true,\"valueName\":\"search_term_string\"}}],\"inLanguage\":\"es\"}]}<\/script>\n<!-- \/ Yoast SEO plugin. -->","yoast_head_json":{"title":"Actividades - Centro \u00c1valon clases y talleres","description":"Centro \u00c1valon clases de yoga conciencia corporal y meditaci\u00f3n. Talleres de Relajaci\u00f3n con instrumentos ind\u00edgenas...","robots":{"index":"index","follow":"follow","max-snippet":"max-snippet:-1","max-image-preview":"max-image-preview:large","max-video-preview":"max-video-preview:-1"},"canonical":"https:\/\/www.avalonespacio.es\/index.php\/actividades-clases-y-talleres-avalon\/","og_locale":"es_ES","og_type":"article","og_title":"Actividades - Centro \u00c1valon clases y talleres","og_description":"Centro \u00c1valon clases de yoga conciencia corporal y meditaci\u00f3n. Talleres de Relajaci\u00f3n con instrumentos ind\u00edgenas...","og_url":"https:\/\/www.avalonespacio.es\/index.php\/actividades-clases-y-talleres-avalon\/","article_modified_time":"2025-10-03T21:53:27+00:00","og_image":[{"url":"https:\/\/www.avalonespacio.es\/wp-content\/uploads\/2022\/09\/Yoga-Avalon-scaled.jpg","type":"","width":"","height":""}],"twitter_card":"summary_large_image","twitter_misc":{"Tiempo de lectura":"1 minuto"},"schema":{"@context":"https:\/\/schema.org","@graph":[{"@type":"WebPage","@id":"https:\/\/www.avalonespacio.es\/index.php\/actividades-clases-y-talleres-avalon\/","url":"https:\/\/www.avalonespacio.es\/index.php\/actividades-clases-y-talleres-avalon\/","name":"Actividades - Centro \u00c1valon clases y talleres","isPartOf":{"@id":"https:\/\/www.avalonespacio.es\/#website"},"primaryImageOfPage":{"@id":"https:\/\/www.avalonespacio.es\/index.php\/actividades-clases-y-talleres-avalon\/#primaryimage"},"image":{"@id":"https:\/\/www.avalonespacio.es\/index.php\/actividades-clases-y-talleres-avalon\/#primaryimage"},"thumbnailUrl":"https:\/\/www.avalonespacio.es\/wp-content\/uploads\/2022\/09\/Yoga-Avalon-scaled.jpg","datePublished":"2022-06-04T15:57:22+00:00","dateModified":"2025-10-03T21:53:27+00:00","description":"Centro \u00c1valon clases de yoga conciencia corporal y meditaci\u00f3n. Talleres de Relajaci\u00f3n con instrumentos ind\u00edgenas...","breadcrumb":{"@id":"https:\/\/www.avalonespacio.es\/index.php\/actividades-clases-y-talleres-avalon\/#breadcrumb"},"inLanguage":"es","potentialAction":[{"@type":"ReadAction","target":["https:\/\/www.avalonespacio.es\/index.php\/actividades-clases-y-talleres-avalon\/"]}]},{"@type":"ImageObject","inLanguage":"es","@id":"https:\/\/www.avalonespacio.es\/index.php\/actividades-clases-y-talleres-avalon\/#primaryimage","url":"https:\/\/www.avalonespacio.es\/wp-content\/uploads\/2022\/09\/Yoga-Avalon-scaled.jpg","contentUrl":"https:\/\/www.avalonespacio.es\/wp-content\/uploads\/2022\/09\/Yoga-Avalon-scaled.jpg","width":2560,"height":1614,"caption":"Yoga Avalon"},{"@type":"BreadcrumbList","@id":"https:\/\/www.avalonespacio.es\/index.php\/actividades-clases-y-talleres-avalon\/#breadcrumb","itemListElement":[{"@type":"ListItem","position":1,"name":"Portada","item":"https:\/\/www.avalonespacio.es\/"},{"@type":"ListItem","position":2,"name":"Actividades"}]},{"@type":"WebSite","@id":"https:\/\/www.avalonespacio.es\/#website","url":"https:\/\/www.avalonespacio.es\/","name":"","description":"Espacio de encuentro hol&iacute;stico y multidisciplinar","potentialAction":[{"@type":"SearchAction","target":{"@type":"EntryPoint","urlTemplate":"https:\/\/www.avalonespacio.es\/?s={search_term_string}"},"query-input":{"@type":"PropertyValueSpecification","valueRequired":true,"valueName":"search_term_string"}}],"inLanguage":"es"}]}},"_links":{"self":[{"href":"https:\/\/www.avalonespacio.es\/index.php\/wp-json\/wp\/v2\/pages\/45","targetHints":{"allow":["GET"]}}],"collection":[{"href":"https:\/\/www.avalonespacio.es\/index.php\/wp-json\/wp\/v2\/pages"}],"about":[{"href":"https:\/\/www.avalonespacio.es\/index.php\/wp-json\/wp\/v2\/types\/page"}],"author":[{"embeddable":true,"href":"https:\/\/www.avalonespacio.es\/index.php\/wp-json\/wp\/v2\/users\/1"}],"replies":[{"embeddable":true,"href":"https:\/\/www.avalonespacio.es\/index.php\/wp-json\/wp\/v2\/comments?post=45"}],"version-history":[{"count":18,"href":"https:\/\/www.avalonespacio.es\/index.php\/wp-json\/wp\/v2\/pages\/45\/revisions"}],"predecessor-version":[{"id":4970,"href":"https:\/\/www.avalonespacio.es\/index.php\/wp-json\/wp\/v2\/pages\/45\/revisions\/4970"}],"wp:attachment":[{"href":"https:\/\/www.avalonespacio.es\/index.php\/wp-json\/wp\/v2\/media?parent=45"}],"curies":[{"name":"wp","href":"https:\/\/api.w.org\/{rel}","templated":true}]}}