{"id":2798,"date":"2023-05-19T19:57:27","date_gmt":"2023-05-19T19:57:27","guid":{"rendered":"https:\/\/www.avalonespacio.es\/?page_id=2798"},"modified":"2025-10-22T08:44:20","modified_gmt":"2025-10-22T08:44:20","slug":"biodanza-para-nins-y-la-magia-del-tacto","status":"publish","type":"page","link":"https:\/\/www.avalonespacio.es\/index.php\/biodanza-para-nins-y-la-magia-del-tacto\/","title":{"rendered":"Biodanza para Ni\u00f1@s y La Magia del Tacto"},"content":{"rendered":"\t\t<div data-elementor-type=\"wp-page\" data-elementor-id=\"2798\" class=\"elementor elementor-2798\">\n\t\t\t\t\t\t<section class=\"elementor-section elementor-top-section elementor-element elementor-element-3442c7f9 elementor-section-height-min-height elementor-section-boxed elementor-section-height-default elementor-section-items-middle wpr-particle-no wpr-jarallax-no wpr-parallax-no wpr-sticky-section-no\" data-id=\"3442c7f9\" data-element_type=\"section\" data-settings=\"{&quot;background_background&quot;:&quot;gradient&quot;}\">\n\t\t\t\t\t\t\t<div class=\"elementor-background-overlay\"><\/div>\n\t\t\t\t\t\t\t<div class=\"elementor-container elementor-column-gap-default\">\n\t\t\t\t\t<div class=\"elementor-column elementor-col-100 elementor-top-column elementor-element elementor-element-12465b3\" data-id=\"12465b3\" data-element_type=\"column\" data-settings=\"{&quot;background_background&quot;:&quot;classic&quot;}\">\n\t\t\t<div class=\"elementor-widget-wrap elementor-element-populated\">\n\t\t\t\t\t\t<div class=\"elementor-element elementor-element-58fbe5e elementor-invisible elementor-widget elementor-widget-heading\" data-id=\"58fbe5e\" data-element_type=\"widget\" data-settings=\"{&quot;_animation&quot;:&quot;fadeIn&quot;,&quot;_animation_delay&quot;:100}\" data-widget_type=\"heading.default\">\n\t\t\t\t<div class=\"elementor-widget-container\">\n\t\t\t\t\t<h2 class=\"elementor-heading-title elementor-size-default\">Talleres Monogr\u00e1ficos Mensuales<\/h2>\t\t\t\t<\/div>\n\t\t\t\t<\/div>\n\t\t\t\t\t<\/div>\n\t\t<\/div>\n\t\t\t\t\t<\/div>\n\t\t<\/section>\n\t\t\t\t<section class=\"elementor-section elementor-top-section elementor-element elementor-element-6d0c8e12 elementor-section-boxed elementor-section-height-default elementor-section-height-default wpr-particle-no wpr-jarallax-no wpr-parallax-no wpr-sticky-section-no\" data-id=\"6d0c8e12\" data-element_type=\"section\">\n\t\t\t\t\t\t<div class=\"elementor-container elementor-column-gap-wider\">\n\t\t\t\t\t<div class=\"elementor-column elementor-col-50 elementor-top-column elementor-element elementor-element-4b7a46e4\" data-id=\"4b7a46e4\" data-element_type=\"column\">\n\t\t\t<div class=\"elementor-widget-wrap elementor-element-populated\">\n\t\t\t\t\t\t<div class=\"elementor-element elementor-element-2cd2bc86 elementor-widget elementor-widget-image\" data-id=\"2cd2bc86\" data-element_type=\"widget\" data-widget_type=\"image.default\">\n\t\t\t\t<div class=\"elementor-widget-container\">\n\t\t\t\t\t\t\t\t\t\t\t\t\t\t\t<img fetchpriority=\"high\" decoding=\"async\" width=\"798\" height=\"1024\" src=\"https:\/\/www.avalonespacio.es\/wp-content\/uploads\/2025\/09\/Imagen-de-WhatsApp-2025-06-29-a-las-18.22.42_051f6d8f-798x1024.jpg\" class=\"attachment-large size-large wp-image-4933\" alt=\"\" srcset=\"https:\/\/www.avalonespacio.es\/wp-content\/uploads\/2025\/09\/Imagen-de-WhatsApp-2025-06-29-a-las-18.22.42_051f6d8f-798x1024.jpg 798w, https:\/\/www.avalonespacio.es\/wp-content\/uploads\/2025\/09\/Imagen-de-WhatsApp-2025-06-29-a-las-18.22.42_051f6d8f-234x300.jpg 234w, https:\/\/www.avalonespacio.es\/wp-content\/uploads\/2025\/09\/Imagen-de-WhatsApp-2025-06-29-a-las-18.22.42_051f6d8f-768x985.jpg 768w, https:\/\/www.avalonespacio.es\/wp-content\/uploads\/2025\/09\/Imagen-de-WhatsApp-2025-06-29-a-las-18.22.42_051f6d8f-1197x1536.jpg 1197w, https:\/\/www.avalonespacio.es\/wp-content\/uploads\/2025\/09\/Imagen-de-WhatsApp-2025-06-29-a-las-18.22.42_051f6d8f.jpg 1247w\" sizes=\"(max-width: 798px) 100vw, 798px\" \/>\t\t\t\t\t\t\t\t\t\t\t\t\t\t\t<\/div>\n\t\t\t\t<\/div>\n\t\t\t\t\t<\/div>\n\t\t<\/div>\n\t\t\t\t<div class=\"elementor-column elementor-col-50 elementor-top-column elementor-element elementor-element-2e278e06\" data-id=\"2e278e06\" data-element_type=\"column\">\n\t\t\t<div class=\"elementor-widget-wrap elementor-element-populated\">\n\t\t\t\t\t\t<div class=\"elementor-element elementor-element-fc6036b elementor-invisible elementor-widget elementor-widget-heading\" data-id=\"fc6036b\" data-element_type=\"widget\" data-settings=\"{&quot;_animation&quot;:&quot;fadeIn&quot;,&quot;_animation_delay&quot;:100}\" data-widget_type=\"heading.default\">\n\t\t\t\t<div class=\"elementor-widget-container\">\n\t\t\t\t\t<h2 class=\"elementor-heading-title elementor-size-default\">Domingos Biodanceros<\/h2>\t\t\t\t<\/div>\n\t\t\t\t<\/div>\n\t\t\t\t<div class=\"elementor-element elementor-element-bc0c249 elementor-widget elementor-widget-text-editor\" data-id=\"bc0c249\" data-element_type=\"widget\" data-widget_type=\"text-editor.default\">\n\t\t\t\t<div class=\"elementor-widget-container\">\n\t\t\t\t\t\t\t\t\t<p>El \u00faltimo domingo del mes nos encontramos para disfrutar de una vivencia integradora como es la Biodanza SRT, a trav\u00e9s de la m\u00fasica, del canto, del movimiento y de situaciones de encuentro en grupo.<\/p><p>Con la pr\u00e1ctica regular de biodanza, se potencia el desarrollo de la creatividad, la inteligencia emocional y mejorar las habilidades sociales, ayudando en la motivaci\u00f3n de descubrir el mundo, con el aprendizaje de la concentraci\u00f3n y la relajaci\u00f3n como funciones b\u00e1sicas de vida.<\/p>\t\t\t\t\t\t\t\t<\/div>\n\t\t\t\t<\/div>\n\t\t\t\t\t<\/div>\n\t\t<\/div>\n\t\t\t\t\t<\/div>\n\t\t<\/section>\n\t\t\t\t<section class=\"elementor-section elementor-top-section elementor-element elementor-element-7adef7d elementor-section-content-middle elementor-section-boxed elementor-section-height-default elementor-section-height-default wpr-particle-no wpr-jarallax-no wpr-parallax-no wpr-sticky-section-no\" data-id=\"7adef7d\" data-element_type=\"section\" data-settings=\"{&quot;background_background&quot;:&quot;classic&quot;}\">\n\t\t\t\t\t\t\t<div class=\"elementor-background-overlay\"><\/div>\n\t\t\t\t\t\t\t<div class=\"elementor-container elementor-column-gap-wide\">\n\t\t\t\t\t<div class=\"elementor-column elementor-col-100 elementor-top-column elementor-element elementor-element-ababffd\" data-id=\"ababffd\" data-element_type=\"column\">\n\t\t\t<div class=\"elementor-widget-wrap elementor-element-populated\">\n\t\t\t\t\t\t<div class=\"elementor-element elementor-element-e463fe6 elementor-invisible elementor-widget elementor-widget-heading\" data-id=\"e463fe6\" data-element_type=\"widget\" data-settings=\"{&quot;_animation&quot;:&quot;fadeIn&quot;,&quot;_animation_delay&quot;:100}\" data-widget_type=\"heading.default\">\n\t\t\t\t<div class=\"elementor-widget-container\">\n\t\t\t\t\t<h2 class=\"elementor-heading-title elementor-size-default\">La Magia del Tacto<\/h2>\t\t\t\t<\/div>\n\t\t\t\t<\/div>\n\t\t\t\t<div class=\"elementor-element elementor-element-123a8cb elementor-invisible elementor-widget elementor-widget-heading\" data-id=\"123a8cb\" data-element_type=\"widget\" data-settings=\"{&quot;_animation&quot;:&quot;fadeIn&quot;,&quot;_animation_delay&quot;:50}\" data-widget_type=\"heading.default\">\n\t\t\t\t<div class=\"elementor-widget-container\">\n\t\t\t\t\t<h2 class=\"elementor-heading-title elementor-size-default\">La piel es el \u00f3rgano m\u00e1s extenso del cuerpo, nos cubre por completo<\/h2>\t\t\t\t<\/div>\n\t\t\t\t<\/div>\n\t\t\t\t\t<\/div>\n\t\t<\/div>\n\t\t\t\t\t<\/div>\n\t\t<\/section>\n\t\t\t\t<section class=\"elementor-section elementor-top-section elementor-element elementor-element-bbf009f elementor-section-height-min-height elementor-section-full_width elementor-section-items-stretch elementor-section-height-default wpr-particle-no wpr-jarallax-no wpr-parallax-no wpr-sticky-section-no\" data-id=\"bbf009f\" data-element_type=\"section\">\n\t\t\t\t\t\t\t<div class=\"elementor-background-overlay\"><\/div>\n\t\t\t\t\t\t\t<div class=\"elementor-container elementor-column-gap-no\">\n\t\t\t\t\t<div class=\"elementor-column elementor-col-50 elementor-top-column elementor-element elementor-element-4ae8dbb\" data-id=\"4ae8dbb\" data-element_type=\"column\" data-settings=\"{&quot;background_background&quot;:&quot;classic&quot;}\">\n\t\t\t<div class=\"elementor-widget-wrap elementor-element-populated\">\n\t\t\t\t\t\t<div class=\"elementor-element elementor-element-cf1b4c7 elementor-widget elementor-widget-heading\" data-id=\"cf1b4c7\" data-element_type=\"widget\" data-widget_type=\"heading.default\">\n\t\t\t\t<div class=\"elementor-widget-container\">\n\t\t\t\t\t<h1 class=\"elementor-heading-title elementor-size-default\">Nos sirve como protecci\u00f3n contra los agentes externos, la Luz, las infecciones y regula la\ntemperatura del cuerpo.<\/h1>\t\t\t\t<\/div>\n\t\t\t\t<\/div>\n\t\t\t\t<div class=\"elementor-element elementor-element-9447c42 elementor-widget elementor-widget-text-editor\" data-id=\"9447c42\" data-element_type=\"widget\" data-widget_type=\"text-editor.default\">\n\t\t\t\t<div class=\"elementor-widget-container\">\n\t\t\t\t\t\t\t\t\t<p>La piel y sus derivados (cabello, u\u00f1as, gl\u00e1ndulas seb\u00e1ceas y sudor\u00edparas) conforman el sistema<br \/><b>Tegumentario <\/b>(significa Membranas de recubrimiento en un sistema)<br \/>Otra de sus funciones es poder relacionarnos con los dem\u00e1s y con el mundo que nos rodea.<br \/>Para ello el cuerpo utiliza el sentido del tacto, convirti\u00e9ndose en un \u00f3rgano Social.<br \/>La piel humana tiene receptores especiales para las caricias. La Neurobiolog\u00eda ha descubierto que \u201cuna caricia con una velocidad de entre 1 y 10 cent\u00edmetros por segundo causa placer\u201d<br \/>En estas sesiones de iniciaci\u00f3n nos adentraremos en el maravilloso mundo de la caricia y el contacto, experimentaremos acariciar y ser acariciados desde el profundo respeto y cuidado que nos da la presencia.<br \/>Despertaremos la sensibilidad de la piel, con ternura y alegr\u00eda de disfrutar de una forma<br \/>diferente de comunicarnos con nuestro cuerpo y el de los dem\u00e1s.<\/p><p>Realizaremos din\u00e1micas de movimiento con m\u00fasica, ser\u00e1n individuales, en pares y en grupo, exploraremos los beneficios que sentimos al nacer y somos acariciados con absoluta inocencia.<br \/>Una experiencia nutritiva y amorosa.<\/p>\t\t\t\t\t\t\t\t<\/div>\n\t\t\t\t<\/div>\n\t\t\t\t\t<\/div>\n\t\t<\/div>\n\t\t\t\t<div class=\"elementor-column elementor-col-50 elementor-top-column elementor-element elementor-element-15adb46 elementor-hidden-mobile\" data-id=\"15adb46\" data-element_type=\"column\" data-settings=\"{&quot;background_background&quot;:&quot;classic&quot;}\">\n\t\t\t<div class=\"elementor-widget-wrap elementor-element-populated\">\n\t\t\t\t\t<div class=\"elementor-background-overlay\"><\/div>\n\t\t\t\t\t\t<div class=\"elementor-element elementor-element-ae11221 elementor-widget elementor-widget-heading\" data-id=\"ae11221\" data-element_type=\"widget\" data-widget_type=\"heading.default\">\n\t\t\t\t<div class=\"elementor-widget-container\">\n\t\t\t\t\t<h3 class=\"elementor-heading-title elementor-size-default\"><h2 data-elementor-setting-key=\"title\" data-pen-placeholder=\"Teclea aqu\u00ed...\" style=\"font-size: 18px;font-style: normal;font-weight: 500;line-height: 1.3em;text-transform: none\"><span style=\"font-size: 30px;font-style: inherit;font-weight: 800;text-transform: uppercase\">Una experiencia nutritiva y amorosa<\/span><span style=\"font-size: 30px;font-style: inherit;font-weight: 800;text-transform: uppercase\"><\/span><br><\/h2><\/h3>\t\t\t\t<\/div>\n\t\t\t\t<\/div>\n\t\t\t\t<div class=\"elementor-element elementor-element-065a297 elementor-widget elementor-widget-spacer\" data-id=\"065a297\" data-element_type=\"widget\" data-widget_type=\"spacer.default\">\n\t\t\t\t<div class=\"elementor-widget-container\">\n\t\t\t\t\t\t\t<div class=\"elementor-spacer\">\n\t\t\t<div class=\"elementor-spacer-inner\"><\/div>\n\t\t<\/div>\n\t\t\t\t\t\t<\/div>\n\t\t\t\t<\/div>\n\t\t\t\t\t<\/div>\n\t\t<\/div>\n\t\t\t\t\t<\/div>\n\t\t<\/section>\n\t\t\t\t<\/div>\n\t\t","protected":false},"excerpt":{"rendered":"<p>Talleres Monogr\u00e1ficos Mensuales Domingos Biodanceros El \u00faltimo domingo del mes nos encontramos para disfrutar de una vivencia integradora como es la Biodanza SRT, a trav\u00e9s de la m\u00fasica, del canto, del movimiento y de situaciones de encuentro en grupo. Con la pr\u00e1ctica regular de biodanza, se potencia el desarrollo de la creatividad, la inteligencia emocional y mejorar las habilidades sociales, ayudando en la motivaci\u00f3n de descubrir el mundo, con el aprendizaje de la concentraci\u00f3n y la relajaci\u00f3n como funciones b\u00e1sicas de vida. La Magia del Tacto La piel es el \u00f3rgano m\u00e1s extenso del cuerpo, nos cubre por completo Nos sirve como protecci\u00f3n contra los agentes externos, la Luz, las infecciones y regula la temperatura del cuerpo. La piel y sus derivados (cabello, u\u00f1as, gl\u00e1ndulas seb\u00e1ceas y sudor\u00edparas) conforman el sistemaTegumentario (significa Membranas de recubrimiento en un sistema)Otra de sus funciones es poder relacionarnos con los dem\u00e1s y con el mundo que nos rodea.Para ello el cuerpo utiliza el sentido del tacto, convirti\u00e9ndose en un \u00f3rgano Social.La piel humana tiene receptores especiales para las caricias. La Neurobiolog\u00eda ha descubierto que \u201cuna caricia con una velocidad de entre 1 y 10 cent\u00edmetros por segundo causa placer\u201dEn estas sesiones de iniciaci\u00f3n nos adentraremos en el maravilloso mundo de la caricia y el contacto, experimentaremos acariciar y ser acariciados desde el profundo respeto y cuidado que nos da la presencia.Despertaremos la sensibilidad de la piel, con ternura y alegr\u00eda de disfrutar de una formadiferente de comunicarnos con nuestro cuerpo y el de los dem\u00e1s. Realizaremos din\u00e1micas de movimiento con m\u00fasica, ser\u00e1n individuales, en pares y en grupo, exploraremos los beneficios que sentimos al nacer y somos acariciados con absoluta inocencia.Una experiencia nutritiva y amorosa. Una experiencia nutritiva y amorosa<\/p>\n","protected":false},"author":1,"featured_media":0,"parent":0,"menu_order":0,"comment_status":"closed","ping_status":"closed","template":"","meta":{"site-sidebar-layout":"no-sidebar","site-content-layout":"page-builder","ast-site-content-layout":"full-width-container","site-content-style":"unboxed","site-sidebar-style":"unboxed","ast-global-header-display":"","ast-banner-title-visibility":"","ast-main-header-display":"","ast-hfb-above-header-display":"","ast-hfb-below-header-display":"","ast-hfb-mobile-header-display":"","site-post-title":"disabled","ast-breadcrumbs-content":"","ast-featured-img":"disabled","footer-sml-layout":"","theme-transparent-header-meta":"","adv-header-id-meta":"","stick-header-meta":"","header-above-stick-meta":"","header-main-stick-meta":"","header-below-stick-meta":"","astra-migrate-meta-layouts":"set","ast-page-background-enabled":"default","ast-page-background-meta":{"desktop":{"background-color":"var(--ast-global-color-4)","background-image":"","background-repeat":"repeat","background-position":"center center","background-size":"auto","background-attachment":"scroll","background-type":"","background-media":"","overlay-type":"","overlay-color":"","overlay-gradient":""},"tablet":{"background-color":"","background-image":"","background-repeat":"repeat","background-position":"center center","background-size":"auto","background-attachment":"scroll","background-type":"","background-media":"","overlay-type":"","overlay-color":"","overlay-gradient":""},"mobile":{"background-color":"","background-image":"","background-repeat":"repeat","background-position":"center center","background-size":"auto","background-attachment":"scroll","background-type":"","background-media":"","overlay-type":"","overlay-color":"","overlay-gradient":""}},"ast-content-background-meta":{"desktop":{"background-color":"var(--ast-global-color-5)","background-image":"","background-repeat":"repeat","background-position":"center center","background-size":"auto","background-attachment":"scroll","background-type":"","background-media":"","overlay-type":"","overlay-color":"","overlay-gradient":""},"tablet":{"background-color":"var(--ast-global-color-5)","background-image":"","background-repeat":"repeat","background-position":"center center","background-size":"auto","background-attachment":"scroll","background-type":"","background-media":"","overlay-type":"","overlay-color":"","overlay-gradient":""},"mobile":{"background-color":"var(--ast-global-color-5)","background-image":"","background-repeat":"repeat","background-position":"center center","background-size":"auto","background-attachment":"scroll","background-type":"","background-media":"","overlay-type":"","overlay-color":"","overlay-gradient":""}},"footnotes":""},"class_list":["post-2798","page","type-page","status-publish","hentry"],"yoast_head":"<!-- This site is optimized with the Yoast SEO plugin v26.0 - https:\/\/yoast.com\/wordpress\/plugins\/seo\/ -->\n<title>\u00c1valon - Biodanza para Ni\u00f1@s y La Magia del Tacto<\/title>\n<meta name=\"description\" content=\"Actividad divertida, se potencia la creatividad, la inteligencia emocional...Despertaremos la sensibilidad de la piel, con ternura y alegr\u00eda.\" \/>\n<meta name=\"robots\" content=\"index, follow, max-snippet:-1, max-image-preview:large, max-video-preview:-1\" \/>\n<link rel=\"canonical\" href=\"https:\/\/www.avalonespacio.es\/index.php\/biodanza-para-nins-y-la-magia-del-tacto\/\" \/>\n<meta property=\"og:locale\" content=\"es_ES\" \/>\n<meta property=\"og:type\" content=\"article\" \/>\n<meta property=\"og:title\" content=\"\u00c1valon - Biodanza para Ni\u00f1@s y La Magia del Tacto\" \/>\n<meta property=\"og:description\" content=\"Actividad divertida, se potencia la creatividad, la inteligencia emocional...Despertaremos la sensibilidad de la piel, con ternura y alegr\u00eda.\" \/>\n<meta property=\"og:url\" content=\"https:\/\/www.avalonespacio.es\/index.php\/biodanza-para-nins-y-la-magia-del-tacto\/\" \/>\n<meta property=\"article:modified_time\" content=\"2025-10-22T08:44:20+00:00\" \/>\n<meta property=\"og:image\" content=\"https:\/\/www.avalonespacio.es\/wp-content\/uploads\/2025\/09\/Imagen-de-WhatsApp-2025-06-29-a-las-18.22.42_051f6d8f-798x1024.jpg\" \/>\n<meta name=\"twitter:card\" content=\"summary_large_image\" \/>\n<meta name=\"twitter:label1\" content=\"Tiempo de lectura\" \/>\n\t<meta name=\"twitter:data1\" content=\"2 minutos\" \/>\n<script type=\"application\/ld+json\" class=\"yoast-schema-graph\">{\"@context\":\"https:\/\/schema.org\",\"@graph\":[{\"@type\":\"WebPage\",\"@id\":\"https:\/\/www.avalonespacio.es\/index.php\/biodanza-para-nins-y-la-magia-del-tacto\/\",\"url\":\"https:\/\/www.avalonespacio.es\/index.php\/biodanza-para-nins-y-la-magia-del-tacto\/\",\"name\":\"\u00c1valon - Biodanza para Ni\u00f1@s y La Magia del Tacto\",\"isPartOf\":{\"@id\":\"https:\/\/www.avalonespacio.es\/#website\"},\"primaryImageOfPage\":{\"@id\":\"https:\/\/www.avalonespacio.es\/index.php\/biodanza-para-nins-y-la-magia-del-tacto\/#primaryimage\"},\"image\":{\"@id\":\"https:\/\/www.avalonespacio.es\/index.php\/biodanza-para-nins-y-la-magia-del-tacto\/#primaryimage\"},\"thumbnailUrl\":\"https:\/\/www.avalonespacio.es\/wp-content\/uploads\/2025\/09\/Imagen-de-WhatsApp-2025-06-29-a-las-18.22.42_051f6d8f-798x1024.jpg\",\"datePublished\":\"2023-05-19T19:57:27+00:00\",\"dateModified\":\"2025-10-22T08:44:20+00:00\",\"description\":\"Actividad divertida, se potencia la creatividad, la inteligencia emocional...Despertaremos la sensibilidad de la piel, con ternura y alegr\u00eda.\",\"breadcrumb\":{\"@id\":\"https:\/\/www.avalonespacio.es\/index.php\/biodanza-para-nins-y-la-magia-del-tacto\/#breadcrumb\"},\"inLanguage\":\"es\",\"potentialAction\":[{\"@type\":\"ReadAction\",\"target\":[\"https:\/\/www.avalonespacio.es\/index.php\/biodanza-para-nins-y-la-magia-del-tacto\/\"]}]},{\"@type\":\"ImageObject\",\"inLanguage\":\"es\",\"@id\":\"https:\/\/www.avalonespacio.es\/index.php\/biodanza-para-nins-y-la-magia-del-tacto\/#primaryimage\",\"url\":\"https:\/\/www.avalonespacio.es\/wp-content\/uploads\/2025\/09\/Imagen-de-WhatsApp-2025-06-29-a-las-18.22.42_051f6d8f.jpg\",\"contentUrl\":\"https:\/\/www.avalonespacio.es\/wp-content\/uploads\/2025\/09\/Imagen-de-WhatsApp-2025-06-29-a-las-18.22.42_051f6d8f.jpg\",\"width\":1247,\"height\":1600},{\"@type\":\"BreadcrumbList\",\"@id\":\"https:\/\/www.avalonespacio.es\/index.php\/biodanza-para-nins-y-la-magia-del-tacto\/#breadcrumb\",\"itemListElement\":[{\"@type\":\"ListItem\",\"position\":1,\"name\":\"Portada\",\"item\":\"https:\/\/www.avalonespacio.es\/\"},{\"@type\":\"ListItem\",\"position\":2,\"name\":\"Biodanza para Ni\u00f1@s y La Magia del Tacto\"}]},{\"@type\":\"WebSite\",\"@id\":\"https:\/\/www.avalonespacio.es\/#website\",\"url\":\"https:\/\/www.avalonespacio.es\/\",\"name\":\"\",\"description\":\"Espacio de encuentro hol&iacute;stico y multidisciplinar\",\"potentialAction\":[{\"@type\":\"SearchAction\",\"target\":{\"@type\":\"EntryPoint\",\"urlTemplate\":\"https:\/\/www.avalonespacio.es\/?s={search_term_string}\"},\"query-input\":{\"@type\":\"PropertyValueSpecification\",\"valueRequired\":true,\"valueName\":\"search_term_string\"}}],\"inLanguage\":\"es\"}]}<\/script>\n<!-- \/ Yoast SEO plugin. -->","yoast_head_json":{"title":"\u00c1valon - Biodanza para Ni\u00f1@s y La Magia del Tacto","description":"Actividad divertida, se potencia la creatividad, la inteligencia emocional...Despertaremos la sensibilidad de la piel, con ternura y alegr\u00eda.","robots":{"index":"index","follow":"follow","max-snippet":"max-snippet:-1","max-image-preview":"max-image-preview:large","max-video-preview":"max-video-preview:-1"},"canonical":"https:\/\/www.avalonespacio.es\/index.php\/biodanza-para-nins-y-la-magia-del-tacto\/","og_locale":"es_ES","og_type":"article","og_title":"\u00c1valon - Biodanza para Ni\u00f1@s y La Magia del Tacto","og_description":"Actividad divertida, se potencia la creatividad, la inteligencia emocional...Despertaremos la sensibilidad de la piel, con ternura y alegr\u00eda.","og_url":"https:\/\/www.avalonespacio.es\/index.php\/biodanza-para-nins-y-la-magia-del-tacto\/","article_modified_time":"2025-10-22T08:44:20+00:00","og_image":[{"url":"https:\/\/www.avalonespacio.es\/wp-content\/uploads\/2025\/09\/Imagen-de-WhatsApp-2025-06-29-a-las-18.22.42_051f6d8f-798x1024.jpg","type":"","width":"","height":""}],"twitter_card":"summary_large_image","twitter_misc":{"Tiempo de lectura":"2 minutos"},"schema":{"@context":"https:\/\/schema.org","@graph":[{"@type":"WebPage","@id":"https:\/\/www.avalonespacio.es\/index.php\/biodanza-para-nins-y-la-magia-del-tacto\/","url":"https:\/\/www.avalonespacio.es\/index.php\/biodanza-para-nins-y-la-magia-del-tacto\/","name":"\u00c1valon - Biodanza para Ni\u00f1@s y La Magia del Tacto","isPartOf":{"@id":"https:\/\/www.avalonespacio.es\/#website"},"primaryImageOfPage":{"@id":"https:\/\/www.avalonespacio.es\/index.php\/biodanza-para-nins-y-la-magia-del-tacto\/#primaryimage"},"image":{"@id":"https:\/\/www.avalonespacio.es\/index.php\/biodanza-para-nins-y-la-magia-del-tacto\/#primaryimage"},"thumbnailUrl":"https:\/\/www.avalonespacio.es\/wp-content\/uploads\/2025\/09\/Imagen-de-WhatsApp-2025-06-29-a-las-18.22.42_051f6d8f-798x1024.jpg","datePublished":"2023-05-19T19:57:27+00:00","dateModified":"2025-10-22T08:44:20+00:00","description":"Actividad divertida, se potencia la creatividad, la inteligencia emocional...Despertaremos la sensibilidad de la piel, con ternura y alegr\u00eda.","breadcrumb":{"@id":"https:\/\/www.avalonespacio.es\/index.php\/biodanza-para-nins-y-la-magia-del-tacto\/#breadcrumb"},"inLanguage":"es","potentialAction":[{"@type":"ReadAction","target":["https:\/\/www.avalonespacio.es\/index.php\/biodanza-para-nins-y-la-magia-del-tacto\/"]}]},{"@type":"ImageObject","inLanguage":"es","@id":"https:\/\/www.avalonespacio.es\/index.php\/biodanza-para-nins-y-la-magia-del-tacto\/#primaryimage","url":"https:\/\/www.avalonespacio.es\/wp-content\/uploads\/2025\/09\/Imagen-de-WhatsApp-2025-06-29-a-las-18.22.42_051f6d8f.jpg","contentUrl":"https:\/\/www.avalonespacio.es\/wp-content\/uploads\/2025\/09\/Imagen-de-WhatsApp-2025-06-29-a-las-18.22.42_051f6d8f.jpg","width":1247,"height":1600},{"@type":"BreadcrumbList","@id":"https:\/\/www.avalonespacio.es\/index.php\/biodanza-para-nins-y-la-magia-del-tacto\/#breadcrumb","itemListElement":[{"@type":"ListItem","position":1,"name":"Portada","item":"https:\/\/www.avalonespacio.es\/"},{"@type":"ListItem","position":2,"name":"Biodanza para Ni\u00f1@s y La Magia del Tacto"}]},{"@type":"WebSite","@id":"https:\/\/www.avalonespacio.es\/#website","url":"https:\/\/www.avalonespacio.es\/","name":"","description":"Espacio de encuentro hol&iacute;stico y multidisciplinar","potentialAction":[{"@type":"SearchAction","target":{"@type":"EntryPoint","urlTemplate":"https:\/\/www.avalonespacio.es\/?s={search_term_string}"},"query-input":{"@type":"PropertyValueSpecification","valueRequired":true,"valueName":"search_term_string"}}],"inLanguage":"es"}]}},"_links":{"self":[{"href":"https:\/\/www.avalonespacio.es\/index.php\/wp-json\/wp\/v2\/pages\/2798","targetHints":{"allow":["GET"]}}],"collection":[{"href":"https:\/\/www.avalonespacio.es\/index.php\/wp-json\/wp\/v2\/pages"}],"about":[{"href":"https:\/\/www.avalonespacio.es\/index.php\/wp-json\/wp\/v2\/types\/page"}],"author":[{"embeddable":true,"href":"https:\/\/www.avalonespacio.es\/index.php\/wp-json\/wp\/v2\/users\/1"}],"replies":[{"embeddable":true,"href":"https:\/\/www.avalonespacio.es\/index.php\/wp-json\/wp\/v2\/comments?post=2798"}],"version-history":[{"count":56,"href":"https:\/\/www.avalonespacio.es\/index.php\/wp-json\/wp\/v2\/pages\/2798\/revisions"}],"predecessor-version":[{"id":5017,"href":"https:\/\/www.avalonespacio.es\/index.php\/wp-json\/wp\/v2\/pages\/2798\/revisions\/5017"}],"wp:attachment":[{"href":"https:\/\/www.avalonespacio.es\/index.php\/wp-json\/wp\/v2\/media?parent=2798"}],"curies":[{"name":"wp","href":"https:\/\/api.w.org\/{rel}","templated":true}]}}